{"id":16,"date":"2026-03-13T11:16:43","date_gmt":"2026-03-13T10:16:43","guid":{"rendered":"https:\/\/test.byzee.fr\/balance\/"},"modified":"2026-03-13T20:01:44","modified_gmt":"2026-03-13T19:01:44","slug":"balance","status":"publish","type":"page","link":"https:\/\/test.byzee.fr\/en\/balance\/","title":{"rendered":"Solde de la Carte Cadeau"},"content":{"rendered":"<div data-elementor-type=\"wp-page\" data-elementor-id=\"16\" class=\"elementor elementor-16\" data-elementor-post-type=\"page\">\n\t\t\t\t<div class=\"elementor-element elementor-element-717148e3 e-flex e-con-boxed e-con e-parent\" data-id=\"717148e3\" data-element_type=\"container\" data-e-type=\"container\">\n\t\t\t\t\t<div class=\"e-con-inner\">\n\t\t\t\t<div class=\"elementor-element elementor-element-e8f2d7f tire elementor-widget elementor-widget-heading\" data-id=\"e8f2d7f\" data-element_type=\"widget\" data-e-type=\"widget\" id=\"titre\" data-widget_type=\"heading.default\">\n\t\t\t\t\t<h2 class=\"elementor-heading-title elementor-size-default\">Carte cadeau<\/h2>\t\t\t\t<\/div>\n\t\t\t\t<div class=\"elementor-element elementor-element-55220c0d elementor-widget elementor-widget-text-editor\" data-id=\"55220c0d\" data-element_type=\"widget\" data-e-type=\"widget\" data-widget_type=\"text-editor.default\">\n\t\t\t\t\t\t\t\t\t<p><style>\r\n    #pwgc-balance-container {\r\n        text-align: center;\r\n    }\r\n\r\n    #pwgc-balance-title {\r\n        font-size: 150%;\r\n        margin-bottom: 16px;\r\n    }\r\n\r\n    #pwgc-balance-error {\r\n        color: red;\r\n        font-weight: 600;\r\n    }\r\n\r\n    #pwgc-balance-message {\r\n        color: blue;\r\n        font-weight: 600;\r\n    }\r\n\r\n    #pwgc-balance-amount-value {\r\n        font-size: 200%;\r\n        font-weight: 600;\r\n        color: #329926;\r\n    }\r\n\r\n    #pwgc-balance-expiration-date-container {\r\n        font-size: 80%;\r\n        color: #999999;\r\n        display: none;\r\n    }\r\n\r\n    #pwgc-balance-number-container {\r\n        text-align: center;\r\n        margin: 32px auto;\r\n    }\r\n\r\n    #pwgc-balance-number {\r\n        width: 300px;\r\n        margin-bottom: 10px;\r\n        display: inline-block;\r\n    }\r\n\r\n    #pwgc-balance-reload, #pwgc-manual-debit {\r\n        display: none;\r\n    }\r\n\r\n    #pwgc-balance-activity {\r\n        margin-top: 24px;\r\n        overflow-x: auto;\r\n    }\r\n\r\n    #pwgc-balance-buttons {\r\n        margin-top: 24px;\r\n    }\r\n\r\n<\/style>\r\n<form id=\"pwgc-balance-form\" action=\"\">\r\n<div id=\"pwgc-balance-container\">\r\n                <i class=\"fas fa-gift fa-7x\"><\/i>\r\n                <div id=\"pwgc-balance-title\">Check Gift Card Balance<\/div>\r\n\r\n    <div id=\"pwgc-balance-number-container\">\r\n        <input type=\"text\" id=\"pwgc-balance-number\" name=\"card_number\" autocomplete=\"off\" placeholder=\"Gift Card Number\" value=\"\" required>\r\n        <input type=\"submit\" id=\"pwgc-balance-button\" value=\"Check Balance\">\r\n    <\/div>\r\n\r\n    <div id=\"pwgc-balance-error\"><\/div>\r\n    <div id=\"pwgc-balance-message\"><\/div>\r\n    <div id=\"pwgc-balance-amount\"><\/div>\r\n\r\n                <div id=\"pwgc-balance-expiration-date-container\">\r\n                Expires <span id=\"pwgc-balance-expiration-date\"><\/span>\r\n            <\/div>\r\n                <div id=\"pwgc-balance-buttons\">\r\n                        <input type=\"button\" id=\"pwgc-manual-debit\" value=\"Debit Balance\">\r\n                    <\/div>\r\n\r\n    <div id=\"pwgc-balance-activity\"><\/div>\r\n<\/div>\r\n<input type=\"hidden\" name=\"trp-form-language\" value=\"en\"\/><\/form>\r\n<\/p>\n<p>\u00a0<\/p>\n\n<p>\u00a0<\/p>\n\t\t\t\t\t\t\t\t<\/div>\n\t\t\t\t<div class=\"elementor-element elementor-element-7359560 elementor-widget elementor-widget-html\" data-id=\"7359560\" data-element_type=\"widget\" data-e-type=\"widget\" data-widget_type=\"html.default\">\n\t\t\t\t\t<style>\n    #pwgc-manual-debit{\n        display: none!important;\n    }\n    \n    document.getElementById(\"pwgc-manual-debit\").value = \"D\u00e9biter\";\n<\/style>\n\n<script>\nlet compteur = 0;\n\ndocument.getElementById(\"titre\").addEventListener(\"click\", function () {\n    compteur++;\n\n    if (compteur >= 3) {\n        document\n          .getElementById(\"pwgc-manual-debit\")\n          .style.setProperty(\"display\",\"inline\",\"important\");\n    }\n});\n<\/script>\t\t\t\t<\/div>\n\t\t\t\t<div class=\"elementor-element elementor-element-0387a67 elementor-widget elementor-widget-html\" data-id=\"0387a67\" data-element_type=\"widget\" data-e-type=\"widget\" data-widget_type=\"html.default\">\n\t\t\t\t\t<script>document.addEventListener(\"DOMContentLoaded\", function() {\n    \/\/ R\u00e9cup\u00e9rer les param\u00e8tres de l'URL\n    const params = new URLSearchParams(window.location.search);\n    const giftCardNumber = params.get(\"pw_gift_card_number\");\n\n    if (giftCardNumber) {\n        \/\/ Trouver l'input dans le container\n        const input = document.querySelector(\"#pwgc-balance-number-container input\");\n\n        if (input) {\n            input.value = giftCardNumber;\n        }\n    }\n});<\/script>\t\t\t\t<\/div>\n\t\t\t\t\t<\/div>\n\t\t\t\t<\/div>\n\t\t\t\t<\/div>","protected":false},"excerpt":{"rendered":"<p>Carte cadeau \u00a0<\/p>","protected":false},"author":1,"featured_media":0,"parent":0,"menu_order":0,"comment_status":"open","ping_status":"closed","template":"","meta":{"footnotes":""},"class_list":["post-16","page","type-page","status-publish","hentry"],"_links":{"self":[{"href":"https:\/\/test.byzee.fr\/en\/wp-json\/wp\/v2\/pages\/16","targetHints":{"allow":["GET"]}}],"collection":[{"href":"https:\/\/test.byzee.fr\/en\/wp-json\/wp\/v2\/pages"}],"about":[{"href":"https:\/\/test.byzee.fr\/en\/wp-json\/wp\/v2\/types\/page"}],"author":[{"embeddable":true,"href":"https:\/\/test.byzee.fr\/en\/wp-json\/wp\/v2\/users\/1"}],"replies":[{"embeddable":true,"href":"https:\/\/test.byzee.fr\/en\/wp-json\/wp\/v2\/comments?post=16"}],"version-history":[{"count":55,"href":"https:\/\/test.byzee.fr\/en\/wp-json\/wp\/v2\/pages\/16\/revisions"}],"predecessor-version":[{"id":88,"href":"https:\/\/test.byzee.fr\/en\/wp-json\/wp\/v2\/pages\/16\/revisions\/88"}],"wp:attachment":[{"href":"https:\/\/test.byzee.fr\/en\/wp-json\/wp\/v2\/media?parent=16"}],"curies":[{"name":"wp","href":"https:\/\/api.w.org\/{rel}","templated":true}]}}